{"id":11,"date":"2020-02-14T08:10:23","date_gmt":"2020-02-14T08:10:23","guid":{"rendered":"http:\/\/www.dawidwila.pl\/?page_id=11"},"modified":"2021-09-26T15:15:13","modified_gmt":"2021-09-26T15:15:13","slug":"blog","status":"publish","type":"page","link":"https:\/\/www.dawidwila.pl\/index.php\/blog\/","title":{"rendered":"Blog"},"content":{"rendered":"\n<div class=\"wp-block-group\"><div class=\"wp-block-group__inner-container is-layout-flow wp-block-group-is-layout-flow\"><ul class=\"wp-block-latest-posts__list wp-block-latest-posts\"><li><a class=\"wp-block-latest-posts__post-title\" href=\"https:\/\/www.dawidwila.pl\/index.php\/2021\/09\/30\/jezyk-perswazji-w-biznesie\/\">J\u0119zyk perswazji w biznesie<\/a><div class=\"wp-block-latest-posts__post-excerpt\">&#8222;Nie my\u015bl o tym &#8230;&#8221; &#8222;Czy zauwa\u017cy\u0142e\u015b, \u017ce &#8230;&#8221; &#8222;Czy &hellip; <p class=\"link-more\"><a href=\"https:\/\/www.dawidwila.pl\/index.php\/2021\/09\/30\/jezyk-perswazji-w-biznesie\/\" class=\"more-link\">Czytaj dalej<span class=\"screen-reader-text\"> \u201eJ\u0119zyk perswazji w biznesie\u201d<\/span><\/a><\/p><\/div><\/li>\n<li><a class=\"wp-block-latest-posts__post-title\" href=\"https:\/\/www.dawidwila.pl\/index.php\/2021\/09\/28\/pewnosc-siebie\/\">Pewno\u015b\u0107 siebie<\/a><div class=\"wp-block-latest-posts__post-excerpt\">Nie ma pora\u017cek &#8211; s\u0105 informacje zwrotne. To JA decyduje &hellip; <p class=\"link-more\"><a href=\"https:\/\/www.dawidwila.pl\/index.php\/2021\/09\/28\/pewnosc-siebie\/\" class=\"more-link\">Czytaj dalej<span class=\"screen-reader-text\"> \u201ePewno\u015b\u0107 siebie\u201d<\/span><\/a><\/p><\/div><\/li>\n<li><a class=\"wp-block-latest-posts__post-title\" href=\"https:\/\/www.dawidwila.pl\/index.php\/2021\/09\/26\/krytyka\/\">Krytyka<\/a><div class=\"wp-block-latest-posts__post-excerpt\">Jak krytykowa\u0107? G\u0142\u00f3wne zasady.<\/div><\/li>\n<li><a class=\"wp-block-latest-posts__post-title\" href=\"https:\/\/www.dawidwila.pl\/index.php\/2021\/09\/23\/klotnia-jak-z-niej-wybrnac\/\">K\u0142\u00f3tnia &#8211; jak z niej wybrn\u0105\u0107?<\/a><div class=\"wp-block-latest-posts__post-excerpt\">K\u0142\u00f3tnia: Takt. Dyplomacja. Rado\u015bnie witaj r\u00f3\u017cnic\u0119 zda\u0144. Pohamuj temperament. Szukaj &hellip; <p class=\"link-more\"><a href=\"https:\/\/www.dawidwila.pl\/index.php\/2021\/09\/23\/klotnia-jak-z-niej-wybrnac\/\" class=\"more-link\">Czytaj dalej<span class=\"screen-reader-text\"> \u201eK\u0142\u00f3tnia &#8211; jak z niej wybrn\u0105\u0107?\u201d<\/span><\/a><\/p><\/div><\/li>\n<li><a class=\"wp-block-latest-posts__post-title\" href=\"https:\/\/www.dawidwila.pl\/index.php\/2021\/09\/20\/jak-zjednac-sobie-ludzi\/\">Jak zjedna\u0107 sobie ludzi?<\/a><div class=\"wp-block-latest-posts__post-excerpt\">Og\u00f3lne: Komplementy &#8211; szczerze wyra\u017cone uznanie. Czego chce rozm\u00f3wca &#8211; &hellip; <p class=\"link-more\"><a href=\"https:\/\/www.dawidwila.pl\/index.php\/2021\/09\/20\/jak-zjednac-sobie-ludzi\/\" class=\"more-link\">Czytaj dalej<span class=\"screen-reader-text\"> \u201eJak zjedna\u0107 sobie ludzi?\u201d<\/span><\/a><\/p><\/div><\/li>\n<li><a class=\"wp-block-latest-posts__post-title\" href=\"https:\/\/www.dawidwila.pl\/index.php\/2021\/01\/20\/sukces\/\">Sukces<\/a><div class=\"wp-block-latest-posts__post-excerpt\">Ustal sw\u00f3j celStw\u00f3rz plan dzia\u0142ania i natychmiast zacznij go realizowa\u0107. &hellip; <p class=\"link-more\"><a href=\"https:\/\/www.dawidwila.pl\/index.php\/2021\/01\/20\/sukces\/\" class=\"more-link\">Czytaj dalej<span class=\"screen-reader-text\"> \u201eSukces\u201d<\/span><\/a><\/p><\/div><\/li>\n<li><a class=\"wp-block-latest-posts__post-title\" href=\"https:\/\/www.dawidwila.pl\/index.php\/2021\/01\/13\/charlie-chaplin-cytaty\/\">Charlie Chaplin &#8211; cytaty<\/a><div class=\"wp-block-latest-posts__post-excerpt\">Charlie Chaplin \u017cy\u0142 88 lat.Zostawi\u0142 nam 4 wypowiedzi:(1) Nic nie &hellip; <p class=\"link-more\"><a href=\"https:\/\/www.dawidwila.pl\/index.php\/2021\/01\/13\/charlie-chaplin-cytaty\/\" class=\"more-link\">Czytaj dalej<span class=\"screen-reader-text\"> \u201eCharlie Chaplin &#8211; cytaty\u201d<\/span><\/a><\/p><\/div><\/li>\n<li><a class=\"wp-block-latest-posts__post-title\" href=\"https:\/\/www.dawidwila.pl\/index.php\/2020\/05\/18\/trader-rady\/\">Trader &#8211; rady<\/a><div class=\"wp-block-latest-posts__post-excerpt\">Skup si\u0119 na jednym rynku i dok\u0142adnie go poznaj \u2014 &hellip; <p class=\"link-more\"><a href=\"https:\/\/www.dawidwila.pl\/index.php\/2020\/05\/18\/trader-rady\/\" class=\"more-link\">Czytaj dalej<span class=\"screen-reader-text\"> \u201eTrader &#8211; rady\u201d<\/span><\/a><\/p><\/div><\/li>\n<li><a class=\"wp-block-latest-posts__post-title\" href=\"https:\/\/www.dawidwila.pl\/index.php\/2020\/05\/11\/keizen-dazenie-do-doskonalosci\/\">Keizen &#8211; d\u0105\u017cenie do doskona\u0142o\u015bci<\/a><div class=\"wp-block-latest-posts__post-excerpt\">Metodologia powsta\u0142a w Japonii, znamy ich zami\u0142owanie w d\u0105\u017ceniu do &hellip; <p class=\"link-more\"><a href=\"https:\/\/www.dawidwila.pl\/index.php\/2020\/05\/11\/keizen-dazenie-do-doskonalosci\/\" class=\"more-link\">Czytaj dalej<span class=\"screen-reader-text\"> \u201eKeizen &#8211; d\u0105\u017cenie do doskona\u0142o\u015bci\u201d<\/span><\/a><\/p><\/div><\/li>\n<li><a class=\"wp-block-latest-posts__post-title\" href=\"https:\/\/www.dawidwila.pl\/index.php\/2020\/05\/10\/zacznijmy-od-klasyka-r-cialdini\/\">Zacznijmy od klasyka &#8211; R. Cialdini<\/a><div class=\"wp-block-latest-posts__post-excerpt\">Najlepiej zacz\u0105\u0107 od fundament\u00f3w &#8211; wi\u0119c na pierwszy wpis klasyk &hellip; <p class=\"link-more\"><a href=\"https:\/\/www.dawidwila.pl\/index.php\/2020\/05\/10\/zacznijmy-od-klasyka-r-cialdini\/\" class=\"more-link\">Czytaj dalej<span class=\"screen-reader-text\"> \u201eZacznijmy od klasyka &#8211; R. Cialdini\u201d<\/span><\/a><\/p><\/div><\/li>\n<li><a class=\"wp-block-latest-posts__post-title\" href=\"https:\/\/www.dawidwila.pl\/index.php\/2020\/02\/14\/hello-world\/\">Hello world!<\/a><div class=\"wp-block-latest-posts__post-excerpt\">Nowy pocz\u0105tek &#8230; w budowie \ud83d\ude42<\/div><\/li>\n<\/ul><\/div><\/div>\n\n\n\n<p><\/p>\n","protected":false},"excerpt":{"rendered":"","protected":false},"author":1,"featured_media":0,"parent":0,"menu_order":0,"comment_status":"closed","ping_status":"closed","template":"","meta":{"footnotes":""},"class_list":["post-11","page","type-page","status-publish","hentry"],"_links":{"self":[{"href":"https:\/\/www.dawidwila.pl\/index.php\/wp-json\/wp\/v2\/pages\/11","targetHints":{"allow":["GET"]}}],"collection":[{"href":"https:\/\/www.dawidwila.pl\/index.php\/wp-json\/wp\/v2\/pages"}],"about":[{"href":"https:\/\/www.dawidwila.pl\/index.php\/wp-json\/wp\/v2\/types\/page"}],"author":[{"embeddable":true,"href":"https:\/\/www.dawidwila.pl\/index.php\/wp-json\/wp\/v2\/users\/1"}],"replies":[{"embeddable":true,"href":"https:\/\/www.dawidwila.pl\/index.php\/wp-json\/wp\/v2\/comments?post=11"}],"version-history":[{"count":5,"href":"https:\/\/www.dawidwila.pl\/index.php\/wp-json\/wp\/v2\/pages\/11\/revisions"}],"predecessor-version":[{"id":95,"href":"https:\/\/www.dawidwila.pl\/index.php\/wp-json\/wp\/v2\/pages\/11\/revisions\/95"}],"wp:attachment":[{"href":"https:\/\/www.dawidwila.pl\/index.php\/wp-json\/wp\/v2\/media?parent=11"}],"curies":[{"name":"wp","href":"https:\/\/api.w.org\/{rel}","templated":true}]}}